{"id":954,"date":"2019-06-25T13:39:19","date_gmt":"2019-06-25T13:39:19","guid":{"rendered":"http:\/\/lisola-sarda.de\/?page_id=954"},"modified":"2020-12-08T21:17:10","modified_gmt":"2020-12-08T21:17:10","slug":"rezepte-zum-ausprobieren","status":"publish","type":"page","link":"https:\/\/lisola-sarda.de\/en\/rezepte-zum-ausprobieren\/","title":{"rendered":"The Wines"},"content":{"rendered":"<p><\/p>\n<hr \/>\n<h2><a href=\"http:\/\/lisola-sarda.de\/en\/weissweine\/\" target=\"_blank\" rel=\"noopener noreferrer\"><img loading=\"lazy\" decoding=\"async\" class=\"alignnone size-full wp-image-978 aligncenter\" src=\"http:\/\/lisola-sarda.de\/wp-content\/uploads\/2019\/06\/bianchi.jpg\" alt=\"\" width=\"198\" height=\"260\" \/><\/a><\/h2>\n<h2 style=\"text-align: center;\"><strong><a href=\"http:\/\/lisola-sarda.de\/en\/weissweine\/\" target=\"_blank\" rel=\"noopener noreferrer\">White Wines<\/a><\/strong><\/h2>\n<h2 style=\"text-align: center;\"><a href=\"http:\/\/lisola-sarda.de\/en\/rotweine\/\" target=\"_blank\" rel=\"noopener noreferrer\"><img loading=\"lazy\" decoding=\"async\" class=\"alignnone wp-image-979 size-full\" src=\"http:\/\/lisola-sarda.de\/wp-content\/uploads\/2019\/06\/rossi.jpg\" alt=\"\" width=\"198\" height=\"260\" \/><\/a><\/h2>\n<h2 style=\"text-align: center;\"><strong><a href=\"http:\/\/lisola-sarda.de\/en\/rotweine\/\" target=\"_blank\" rel=\"noopener noreferrer\">Red Wines<\/a><\/strong><\/h2>\n<hr \/>\n<h2 class=\"p2\">Rezepte zum ausprobieren:<\/h2>\n<p>&nbsp;<\/p>\n<p class=\"p2\"><strong>Bottarga- Octopus- Carpaccio mit Minzebl\u00e4ttern und Grapefruchtscheiben (f\u00fcr 6 Personen)<\/strong><\/p>\n<p class=\"p2\">Zutaten: 200g Bottarga im Ganzen<\/p>\n<p class=\"p2\"><span class=\"Apple-converted-space\">\u00a0 \u00a0 \u00a0 \u00a0 \u00a0 \u00a0 \u00a0\u00a0<\/span>400 g Octopus im Ganzen<\/p>\n<p class=\"p2\"><span class=\"Apple-converted-space\">\u00a0 \u00a0 \u00a0 \u00a0 \u00a0 \u00a0 \u00a0\u00a0<\/span>1 Bund Minze<\/p>\n<p class=\"p2\"><span class=\"Apple-converted-space\">\u00a0 \u00a0 \u00a0 \u00a0 \u00a0 \u00a0 \u00a0\u00a0<\/span>1 Graphefrucht<\/p>\n<p class=\"p2\"><span class=\"Apple-converted-space\">\u00a0 \u00a0 \u00a0 \u00a0 \u00a0 \u00a0 \u00a0\u00a0<\/span>1 Zitrone<\/p>\n<p class=\"p2\"><span class=\"Apple-converted-space\">\u00a0 \u00a0 \u00a0 \u00a0 \u00a0 \u00a0 \u00a0\u00a0<\/span>1-3 EL Oliven\u00f6l<\/p>\n<p class=\"p2\">Zubereitung:* Octopus im Wasser mit 2 Flaschenkorken(Kork), halbierter Zitrone und einer Brise Salz kochen, bis dieser bi\u00dffest ist(ca. 50 min. auf kleiner Flamme kochen).<\/p>\n<p class=\"p2\">*Danach rausholen und diesen mit einem Zylinder fest dr\u00fccken und ca. 24 Stunden erkalten lassen.(K\u00fchlschrank)*Bottarga in Scheiben geschnitten auf der Tellermitte verteilen.*Dann Octopus mit einer Aufschnittmaschine in hauchd\u00fcnne Scheiben schneiden und auf dem Teller zusammen mit den Bottargascheiben anrichten. *Anschlie\u00dfend den Teller mit Minzebl\u00e4ttern und Graphefruchtscheiben garnieren. * Abschlie\u00dfend mit Zitronensaft und Oliven\u00f6l betr\u00e4ufeln. * Pfeffer und salz nach Belieben.<\/p>\n<p>&nbsp;<\/p>\n<p class=\"p2\"><strong>Gnochetti Sardi alla Orlando (f\u00fcr 6 Personen)<\/strong><\/p>\n<p class=\"p2\">Zutaten:<span class=\"Apple-converted-space\">\u00a0\u00a0<\/span>0,5 kg Gnochetti Sardi (Grie\u00dfnudeln)<\/p>\n<p class=\"p2\"><span class=\"Apple-converted-space\">\u00a0\u00a0 \u00a0 \u00a0 \u00a0 \u00a0 \u00a0 \u00a0\u00a0<\/span>100 g Charlotten (Zwiebeln)<\/p>\n<p class=\"p2\"><span class=\"Apple-converted-space\">\u00a0\u00a0 \u00a0 \u00a0 \u00a0 \u00a0 \u00a0 \u00a0\u00a0<\/span>180 g Salsiccia (grobe frische ital. Bratwurst<\/p>\n<p class=\"p2\"><span class=\"Apple-converted-space\">\u00a0\u00a0 \u00a0 \u00a0 \u00a0 \u00a0 \u00a0 \u00a0 \u00a0 \u00a0\u00a0<\/span>5 g Fenchelsamen<\/p>\n<p class=\"p2\"><span class=\"Apple-converted-space\">\u00a0\u00a0 \u00a0 \u00a0 \u00a0 \u00a0 \u00a0 \u00a0\u00a0<\/span>230 g frische Steinpilze<\/p>\n<p class=\"p2\"><span class=\"Apple-converted-space\">\u00a0\u00a0 \u00a0 \u00a0 \u00a0 \u00a0 \u00a0 \u00a0\u00a0<\/span>200 g Kirschtomaten<\/p>\n<p class=\"p2\"><span class=\"Apple-converted-space\">\u00a0\u00a0 \u00a0 \u00a0 \u00a0 \u00a0 \u00a0 \u00a0 \u00a0 \u00a0\u00a0<\/span>2 Stck. Lorbeerbl\u00e4tter<\/p>\n<p class=\"p2\"><span class=\"Apple-converted-space\">\u00a0\u00a0 \u00a0 \u00a0 \u00a0 \u00a0 \u00a0 \u00a0 \u00a0 \u00a0\u00a0<\/span>4 g Safran<\/p>\n<p class=\"p2\"><span class=\"Apple-converted-space\">\u00a0\u00a0 \u00a0 \u00a0 \u00a0 \u00a0 \u00a0 \u00a0 \u00a0 \u00a0\u00a0<\/span>5 cl. Wei\u00dfwein<\/p>\n<p class=\"p2\"><span class=\"Apple-converted-space\">\u00a0 \u00a0 \u00a0 \u00a0 \u00a0 \u00a0 \u00a0 \u00a0\u00a0<\/span>0,25 l Fleischfond<\/p>\n<p class=\"p2\">Zubereitung: *Steinpilze in Scheiben schneiden und ca. 2 min. anbraten. * Dann geschnittene Charlotten, Salsiccia, Kirschtomaten, Lorbeerbl\u00e4tter und Fenchelsamen hinzuf\u00fcgen. * Mit wein und dem Fleischfond abl\u00f6schen und kurz aufkochen lassen. * Nach belieben Pfeffer und Salz hinzuf\u00fcgen. * zum Schluss Safran hinzuf\u00fcgen.<\/p>\n<p class=\"p2\">*Gnochetti mit einer Brise Salz f\u00fcr ca. 10 min. in kochendem Wasser kochen und dann \u00fcber einem Sieb abtropfen lassen.* Zum Schlu\u00df in der Pfanne<span class=\"Apple-converted-space\">\u00a0\u00a0<\/span>mit der So\u00dfe kurz durchmischen und anschlie\u00dfend servieren.<\/p>\n<p>&nbsp;<\/p>\n<p class=\"p2\"><strong>Scampos chin Gigiri f\u00fcr (6 Personen)<\/strong><\/p>\n<p class=\"p2\">Zutaten: 12 Stck. Rie\u00dfengarnelen<\/p>\n<p class=\"p2\"><span class=\"Apple-converted-space\">\u00a0 \u00a0 \u00a0 \u00a0 \u00a0 \u00a0 \u00a0\u00a0<\/span>12 Scheiben ger\u00e4ucherter Speck<\/p>\n<p class=\"p2\"><span class=\"Apple-converted-space\">\u00a0 \u00a0 \u00a0 \u00a0 \u00a0 \u00a0 \u00a0\u00a0<\/span>100 g Kichererbsen<\/p>\n<p class=\"p2\"><span class=\"Apple-converted-space\">\u00a0\u00a0 \u00a0 \u00a0 \u00a0 \u00a0 \u00a0 \u00a0 \u00a0\u00a0<\/span>5 Stck. getrocknete Tomaten<\/p>\n<p class=\"p2\"><span class=\"Apple-converted-space\">\u00a0\u00a0 \u00a0 \u00a0 \u00a0 \u00a0 \u00a0 \u00a0 \u00a0\u00a0<\/span>5 cl. Vernaccia di Oristano(Sherry dry)<\/p>\n<p class=\"p2\"><span class=\"Apple-converted-space\">\u00a0\u00a0 \u00a0 \u00a0 \u00a0 \u00a0 \u00a0 \u00a0 \u00a0\u00a0<\/span>1 Stck. Chillischote<\/p>\n<p class=\"p2\"><span class=\"Apple-converted-space\">\u00a0 \u00a0 \u00a0 \u00a0 \u00a0 \u00a0 \u00a0\u00a0<\/span>150 ml Fischfond<\/p>\n<p class=\"p2\"><span class=\"Apple-converted-space\">\u00a0 \u00a0 \u00a0 \u00a0 \u00a0 \u00a0 \u00a0\u00a0<\/span>300 g Pacinotomaten<\/p>\n<p class=\"p2\"><span class=\"Apple-converted-space\">\u00a0 \u00a0 \u00a0 \u00a0 \u00a0 \u00a0 \u00a0 \u00a0 \u00a0\u00a0<\/span>3 cl. Brandy<\/p>\n<p class=\"p2\"><span class=\"Apple-converted-space\">\u00a0 \u00a0 \u00a0 \u00a0 \u00a0 \u00a0 \u00a0 \u00a0 \u00a0\u00a0<\/span>1 Zweig Rosmarin<\/p>\n<p class=\"p2\"><span class=\"Apple-converted-space\">\u00a0 \u00a0 \u00a0 \u00a0 \u00a0 \u00a0 \u00a0 \u00a0 \u00a0\u00a0<\/span>5 Bl\u00e4tter Basilikum<\/p>\n<p class=\"p2\"><span class=\"Apple-converted-space\">\u00a0 \u00a0 \u00a0 \u00a0 \u00a0 \u00a0 \u00a0 \u00a0 \u00a0\u00a0<\/span>2 Knoblauchzehen<\/p>\n<p class=\"p2\">Zubereitung: * Zuerst die Scampi mit Speck einwickeln und in der Panne leicht in Oliven\u00f6l anbraten und zum Abtropfen rausholen. * Danach in gleicher Pfanne getrocknete Tomaten mit klein gehackten Charlotten, Kichererbsen, Knoblauch, Rosmarin, Basilikum Tomaten, Chillischote braten und nach 2 min. Scampi hinzuf\u00fcgen und mit Brandy abl\u00f6schen und Flambieren.* Dann Vernaccia hinzuf\u00fcgen und garen lassen, nach und nach den Fischfond hinzuf\u00fcgen und f\u00fcr 5 min. k\u00f6cheln lassen auf kleiner Flamme.<\/p>\n<p class=\"p2\">* zum Schlu\u00df servieren und die Scampi obendrauf platzieren.<\/p>\n<p>&nbsp;<\/p>\n<p class=\"p2\"><strong>Budino de Amaretto f\u00fcr (6 Personen)<\/strong><\/p>\n<p class=\"p2\">( Sardischer Amaretto-Pudding )<\/p>\n<p class=\"p2\">Zutaten: 18 g Gelatinebl\u00e4tter (od. 9 Bl\u00e4tter)<\/p>\n<p class=\"p2\"><span class=\"Apple-converted-space\">\u00a0\u00a0 \u00a0 \u00a0 \u00a0 \u00a0 \u00a0 \u00a0\u00a0<\/span>9\u00a0<span class=\"Apple-converted-space\">\u00a0 \u00a0\u00a0<\/span>Eier<\/p>\n<p class=\"p2\"><span class=\"Apple-converted-space\">\u00a0 \u00a0 \u00a0 \u00a0 \u00a0 \u00a0 \u00a0\u00a0<\/span>200 g Zucker<\/p>\n<p class=\"p2\"><span class=\"Apple-converted-space\">\u00a0 \u00a0 \u00a0 \u00a0 \u00a0 \u00a0 \u00a0\u00a0<\/span>240 g Amarettini<\/p>\n<p class=\"p2\"><span class=\"Apple-converted-space\">\u00a0\u00a0 \u00a0 \u00a0 \u00a0 \u00a0 \u00a0\u00a0<\/span>1 Stck. Vanillestange<\/p>\n<p class=\"p2\"><span class=\"Apple-converted-space\">\u00a0\u00a0 \u00a0 \u00a0 \u00a0 \u00a0 \u00a0\u00a0<\/span>1 l Milch<\/p>\n<p class=\"p2\"><span class=\"Apple-converted-space\">\u00a0\u00a0 \u00a0 \u00a0 \u00a0 \u00a0 \u00a0\u00a0<\/span>Schale von einer Orange und Schale von einer ganzen Zitrone<\/p>\n<p class=\"p2\"><span class=\"Apple-converted-space\">\u00a0\u00a0 \u00a0 \u00a0 \u00a0 \u00a0 \u00a0\u00a0<\/span>5 cl Amarettolik\u00f6r<\/p>\n<p class=\"p2\">Zubereitung: *Zuerst<span class=\"Apple-converted-space\">\u00a0\u00a0<\/span>1 L Milch mit Amarettolik\u00f6r und den geriebenen Orangen- und Zitronenschalen erhitzen.* Eier und Zucker zusammen in einem Becher schlagen( ca. 5 min. mit dem Mixer auf mittlerer Stufe).* Amarettini in einer T\u00fcte klein klopfen und mit den gesch\u00e4umten Eiern vermischen. * Die gezogene Milch nochmals leicht erw\u00e4rmen leicht erw\u00e4rmen und durch ein Sieb abseilen und mit dem Ei-Amerettinischaum zusammen mixen und in eine Form geben fest werden lassen.<\/p>\n<p class=\"p2\">Vanilleso\u00dfe:<\/p>\n<p class=\"p2\">Zutaten: 1, 5 Vanillestangen<\/p>\n<p class=\"p2\"><span class=\"Apple-converted-space\">\u00a0 \u00a0 \u00a0 \u00a0 \u00a0 \u00a0 \u00a0\u00a0<\/span>1 L Milch<\/p>\n<p class=\"p2\"><span class=\"Apple-converted-space\">\u00a0 \u00a0 \u00a0 \u00a0 \u00a0 \u00a0 \u00a0\u00a0<\/span>6 Eigelb<\/p>\n<p class=\"p2\"><span class=\"Apple-converted-space\">\u00a0 \u00a0 \u00a0 \u00a0 \u00a0 \u00a0 \u00a0\u00a0<\/span>1 Zitronenschale<\/p>\n<p class=\"p2\"><span class=\"Apple-converted-space\">\u00a0 \u00a0 \u00a0 \u00a0 \u00a0 \u00a0 \u00a0\u00a0<\/span>4 EL Zucker<\/p>\n<p class=\"p2\"><span class=\"Apple-converted-space\">\u00a0 \u00a0 \u00a0 \u00a0 \u00a0 \u00a0 \u00a0\u00a0<\/span>2,5 EL Mehl<\/p>\n<p class=\"p2\">Zubereitung:<span class=\"Apple-converted-space\">\u00a0\u00a0<\/span>* Milch, Zitronenschalen und Vanilleschote miteinander aufkochen. * 6 Eigelb mit dem Zucker schaumig schlagen und nach und nach das Mehl hinzugeben. * Nachdem die Milch 1 Stunde gezogen ist, kann der Eischaum darunter gehoben werden und die Creme auf kleiner Flamme bis zum Erdicken unter R\u00fchren fertiggestellt werden.*Vor dem Servieren erkalten lassen (unter R\u00fchren, damit sich keine Haut bildet) und durch ein Sieb abseien.<\/p>\n<p><\/p>","protected":false},"excerpt":{"rendered":"<p>White Wines Red Wines Rezepte zum ausprobieren: &nbsp; Bottarga- Octopus- Carpaccio mit Minzebl\u00e4ttern und Grapefruchtscheiben (f\u00fcr 6 Personen) Zutaten: 200g Bottarga im Ganzen \u00a0 \u00a0 \u00a0 \u00a0 \u00a0 \u00a0 \u00a0\u00a0400 g Octopus im Ganzen \u00a0 \u00a0 \u00a0 \u00a0 \u00a0 \u00a0 \u00a0\u00a01 Bund Minze \u00a0 \u00a0 \u00a0 \u00a0 \u00a0 \u00a0 \u00a0\u00a01 Graphefrucht \u00a0 \u00a0 \u00a0 \u00a0 [&hellip;]<\/p>\n","protected":false},"author":2,"featured_media":0,"parent":0,"menu_order":0,"comment_status":"closed","ping_status":"closed","template":"","meta":{"footnotes":""},"class_list":["post-954","page","type-page","status-publish","hentry"],"_links":{"self":[{"href":"https:\/\/lisola-sarda.de\/en\/wp-json\/wp\/v2\/pages\/954","targetHints":{"allow":["GET"]}}],"collection":[{"href":"https:\/\/lisola-sarda.de\/en\/wp-json\/wp\/v2\/pages"}],"about":[{"href":"https:\/\/lisola-sarda.de\/en\/wp-json\/wp\/v2\/types\/page"}],"author":[{"embeddable":true,"href":"https:\/\/lisola-sarda.de\/en\/wp-json\/wp\/v2\/users\/2"}],"replies":[{"embeddable":true,"href":"https:\/\/lisola-sarda.de\/en\/wp-json\/wp\/v2\/comments?post=954"}],"version-history":[{"count":0,"href":"https:\/\/lisola-sarda.de\/en\/wp-json\/wp\/v2\/pages\/954\/revisions"}],"wp:attachment":[{"href":"https:\/\/lisola-sarda.de\/en\/wp-json\/wp\/v2\/media?parent=954"}],"curies":[{"name":"wp","href":"https:\/\/api.w.org\/{rel}","templated":true}]}}