{"id":987,"date":"2019-06-26T07:49:09","date_gmt":"2019-06-26T07:49:09","guid":{"rendered":"http:\/\/lisola-sarda.de\/?page_id=987"},"modified":"2026-02-06T13:26:22","modified_gmt":"2026-02-06T13:26:22","slug":"weissweine","status":"publish","type":"page","link":"https:\/\/lisola-sarda.de\/en\/weissweine\/","title":{"rendered":"White Wines"},"content":{"rendered":"<p><\/p>\n<hr \/>\n<p style=\"font-weight: 400; text-align: center;\"><strong>Prosecco Brut DOC &#8211; Veneto<\/strong><\/p>\n<p style=\"font-weight: 400; text-align: center;\">27,00<\/p>\n<hr \/>\n<p style=\"font-weight: 400; text-align: center;\"><strong>Ferrari Maximum Metodo Classico DOC \u2013 Ferrari \u2013 Trentino<\/strong><\/p>\n<p style=\"font-weight: 400; text-align: center;\">Chardonnay<\/p>\n<p style=\"font-weight: 400; text-align: center;\">49,00<\/p>\n<hr \/>\n<p style=\"font-weight: 400; text-align: center;\"><strong>Ferrari Maximum Ros\u00e9 Metodo Classico DOC \u2013 Ferrari \u2013 Trentino<\/strong><\/p>\n<p style=\"font-weight: 400; text-align: center;\">60% Blauburgunder, 40% Chardonnay<\/p>\n<p style=\"font-weight: 400; text-align: center;\">56,00<\/p>\n<hr \/>\n<p style=\"font-weight: 400; text-align: center;\"><strong>Mo<\/strong><em><strong>\u00ebt &amp; Chandon Brut Imp\u00e9rial<\/strong><\/em><\/p>\n<p style=\"font-weight: 400; text-align: center;\">90,00<\/p>\n<hr \/>\n<p style=\"font-weight: 400; text-align: center;\"><strong>Mo<\/strong><em><strong>\u00ebt &amp; Chandon Ros\u00e9 Imp\u00e9rial<\/strong><\/em><\/p>\n<p style=\"font-weight: 400; text-align: center;\">Pinot Noir, Chardonnay, Pinot Meunier<\/p>\n<p style=\"font-weight: 400; text-align: center;\">98,00<\/p>\n<hr \/>\n<p style=\"font-weight: 400; text-align: center;\"><strong>Veuve Clicquot Ponsardin<\/strong><\/p>\n<p style=\"font-weight: 400; text-align: center;\">Pinot Meunier, Chardonnay, Pinot Noir<\/p>\n<p style=\"font-weight: 400; text-align: center;\">95,00<\/p>\n<hr \/>\n<p style=\"font-weight: 400; text-align: center;\"><strong>Pommery Brut Royal<\/strong><\/p>\n<p style=\"font-weight: 400; text-align: center;\">34% Pinot Noir, 33% Pinot Meunier, 33% Chardonnay<\/p>\n<p style=\"font-weight: 400; text-align: center;\">65,00<\/p>\n<hr \/>\n<p style=\"font-weight: 400; text-align: center;\"><strong>Vini Bianchi \u2013 Wei\u00dfweine<\/strong><\/p>\n<p style=\"font-weight: 400; text-align: center;\"><strong>Vermentino Costamolino DOC \u2013 Argiolas &#8211; Sardegna<\/strong><\/p>\n<p style=\"font-weight: 400; text-align: center;\">95% Vermentino, 5% Malvasia<\/p>\n<p style=\"font-weight: 400; text-align: center;\">26,50<\/p>\n<hr \/>\n<p style=\"font-weight: 400; text-align: center;\"><strong>Canayli Superiore DOCG \u2013 Vermentino di Gallura &#8211; Sardegna<\/strong><\/p>\n<p style=\"font-weight: 400; text-align: center;\">95% Vermentino, 5% Nuraghus<\/p>\n<p style=\"font-weight: 400; text-align: center;\">31,00<\/p>\n<hr \/>\n<p style=\"font-weight: 400; text-align: center;\"><strong>Ruinas Colli del Limbara DOCG \u2013 Depperu &#8211; Sardegna<\/strong><\/p>\n<p style=\"font-weight: 400; text-align: center;\">100% Vermentino<\/p>\n<p style=\"font-weight: 400; text-align: center;\">46,00<\/p>\n<hr \/>\n<p style=\"font-weight: 400; text-align: center;\"><strong>Terre Bianche Torbato DOC \u2013 Sella &amp; Mosca &#8211; Sardegna<\/strong><\/p>\n<p style=\"font-weight: 400; text-align: center;\">100% Torbato<\/p>\n<p style=\"font-weight: 400; text-align: center;\">27,50<\/p>\n<hr \/>\n<p style=\"font-weight: 400; text-align: center;\"><strong>\u00b4Vivia\u00b4 Maremma DOC \u2013 Le Mortelle &#8211; Toscana<\/strong><\/p>\n<p style=\"font-weight: 400; text-align: center;\">50% Vermentino, 35% Viogner, 15% Ansonica<\/p>\n<p style=\"font-weight: 400; text-align: center;\">29,00<\/p>\n<hr \/>\n<p style=\"font-weight: 400; text-align: center;\"><strong>Mongris Pinot Grigio DOC Collio \u2013 Marco Felluga &#8211; Friuli<\/strong><\/p>\n<p style=\"font-weight: 400; text-align: center;\">100% Pinot Grigio<\/p>\n<p style=\"font-weight: 400; text-align: center;\">38,00<\/p>\n<hr \/>\n<p style=\"font-weight: 400; text-align: center;\"><strong>Sauvignon Festival DOC \u2013 Kellerei Meran Burggr\u00e4fler \u2013 Alto Adige<\/strong><\/p>\n<p style=\"font-weight: 400; text-align: center;\">100% Sauvignon Blanc<\/p>\n<p style=\"font-weight: 400; text-align: center;\">28,50<\/p>\n<hr \/>\n<p style=\"font-weight: 400; text-align: center;\"><strong>Lugana Olivini DOC \u2013 Famiglia Olivini &#8211; Veneto<\/strong><\/p>\n<p style=\"font-weight: 400; text-align: center;\">100% Trebbiano di Lugana<\/p>\n<p style=\"font-weight: 400; text-align: center;\">27,50<\/p>\n<hr \/>\n<p style=\"font-weight: 400; text-align: center;\"><strong>Lugana Bulgarini DOC \u2013 Bulgarini &#8211; Lombardia<\/strong><\/p>\n<p style=\"font-weight: 400; text-align: center;\">100% Trebbiano di Lugana<\/p>\n<p style=\"font-weight: 400; text-align: center;\">28,50<\/p>\n<hr \/>\n<p style=\"font-weight: 400; text-align: center;\"><strong>Marche Passerina IGT \u2013 Velenosi Vini &#8211; Marche<\/strong><\/p>\n<p style=\"font-weight: 400; text-align: center;\">100% Passerina<\/p>\n<p style=\"font-weight: 400; text-align: center;\">26,50<\/p>\n<p style=\"font-weight: 400; text-align: center;\"><strong>Falerio Pecorino DOC \u2013 Velenosi Vini &#8211; Marche<\/strong><\/p>\n<p style=\"font-weight: 400; text-align: center;\">100% Passerina<\/p>\n<p style=\"font-weight: 400; text-align: center;\">29,00<\/p>\n<hr \/>\n<p style=\"font-weight: 400; text-align: center;\"><strong>Gavi di Gavi La Smilla DOCG \u2013 Guido Matteo &#8211; Piemonte<\/strong><\/p>\n<p style=\"font-weight: 400; text-align: center;\">100% Cortese<\/p>\n<p style=\"font-weight: 400; text-align: center;\">32,00<\/p>\n<hr \/>\n<p style=\"font-weight: 400; text-align: center;\"><strong>Chardonnay Tormaresca IGT \u2013 Tormaresca &#8211; Puglia<\/strong><\/p>\n<p style=\"font-weight: 400; text-align: center;\">100% Chardonnay<\/p>\n<p style=\"font-weight: 400; text-align: center;\">26,00<\/p>\n<hr \/>\n<p style=\"font-weight: 400; text-align: center;\"><strong>Filieri Cannonau Rosato \u2013 Dorgali &#8211; Sardegna<\/strong><\/p>\n<p style=\"font-weight: 400; text-align: center;\">100% Cannonau<\/p>\n<p style=\"font-weight: 400; text-align: center;\">26,50<\/p>\n<hr \/>\n<p style=\"font-weight: 400; text-align: center;\"><strong>Punta Rosa DOC (Rosato) \u2013 Santa Maria la Palma &#8211; Sardegna<\/strong><\/p>\n<p style=\"font-weight: 400; text-align: center;\">100% Cannonau<\/p>\n<p style=\"font-weight: 400; text-align: center;\">23,50<\/p>\n<p><\/p>","protected":false},"excerpt":{"rendered":"<p>Prosecco Brut DOC &#8211; Veneto 27,00 Ferrari Maximum Metodo Classico DOC \u2013 Ferrari \u2013 Trentino Chardonnay 49,00 Ferrari Maximum Ros\u00e9 Metodo Classico DOC \u2013 Ferrari \u2013 Trentino 60% Blauburgunder, 40% Chardonnay 56,00 Mo\u00ebt &amp; Chandon Brut Imp\u00e9rial 90,00 Mo\u00ebt &amp; Chandon Ros\u00e9 Imp\u00e9rial Pinot Noir, Chardonnay, Pinot Meunier 98,00 Veuve Clicquot Ponsardin Pinot Meunier, Chardonnay, [&hellip;]<\/p>\n","protected":false},"author":2,"featured_media":0,"parent":0,"menu_order":0,"comment_status":"closed","ping_status":"closed","template":"","meta":{"footnotes":""},"class_list":["post-987","page","type-page","status-publish","hentry"],"_links":{"self":[{"href":"https:\/\/lisola-sarda.de\/en\/wp-json\/wp\/v2\/pages\/987","targetHints":{"allow":["GET"]}}],"collection":[{"href":"https:\/\/lisola-sarda.de\/en\/wp-json\/wp\/v2\/pages"}],"about":[{"href":"https:\/\/lisola-sarda.de\/en\/wp-json\/wp\/v2\/types\/page"}],"author":[{"embeddable":true,"href":"https:\/\/lisola-sarda.de\/en\/wp-json\/wp\/v2\/users\/2"}],"replies":[{"embeddable":true,"href":"https:\/\/lisola-sarda.de\/en\/wp-json\/wp\/v2\/comments?post=987"}],"version-history":[{"count":1,"href":"https:\/\/lisola-sarda.de\/en\/wp-json\/wp\/v2\/pages\/987\/revisions"}],"predecessor-version":[{"id":1910,"href":"https:\/\/lisola-sarda.de\/en\/wp-json\/wp\/v2\/pages\/987\/revisions\/1910"}],"wp:attachment":[{"href":"https:\/\/lisola-sarda.de\/en\/wp-json\/wp\/v2\/media?parent=987"}],"curies":[{"name":"wp","href":"https:\/\/api.w.org\/{rel}","templated":true}]}}